{"id":100226,"date":"2018-08-23T13:24:29","date_gmt":"2018-08-23T13:24:29","guid":{"rendered":"https:\/\/demos.codetipi.com\/zeen-writer\/?page_id=61"},"modified":"2021-05-12T10:13:22","modified_gmt":"2021-05-12T10:13:22","slug":"contact-3","status":"publish","type":"page","link":"https:\/\/lingualabclub.com\/index.php\/contact-3\/","title":{"rendered":"Clases"},"content":{"rendered":"<p><img decoding=\"async\" src=\"data:image\/svg+xml,%3Csvg%20xmlns='http:\/\/www.w3.org\/2000\/svg'%20viewBox='0%200%20370%20247'%3E%3C\/svg%3E\" class=\"zeen-lazy-load-base zeen-lazy-load\" data-lazy-src=\"http:\/\/lingualabclub.com\/wp-content\/uploads\/2020\/10\/Club-de-Conversacion-Banner-2.gif\"><noscript><img decoding=\"async\" src=\"http:\/\/lingualabclub.com\/wp-content\/uploads\/2020\/10\/Club-de-Conversacion-Banner-2.gif\"><\/noscript><br \/>\n<img decoding=\"async\" src=\"data:image\/svg+xml,%3Csvg%20xmlns='http:\/\/www.w3.org\/2000\/svg'%20viewBox='0%200%20370%20247'%3E%3C\/svg%3E\" class=\"zeen-lazy-load-base zeen-lazy-load\" data-lazy-src=\"http:\/\/lingualabclub.com\/wp-content\/uploads\/2020\/09\/PRECIOS-FINAL-3.0.jpg\"><noscript><img decoding=\"async\" src=\"http:\/\/lingualabclub.com\/wp-content\/uploads\/2020\/09\/PRECIOS-FINAL-3.0.jpg\"><\/noscript><br \/>\n<img decoding=\"async\" src=\"data:image\/svg+xml,%3Csvg%20xmlns='http:\/\/www.w3.org\/2000\/svg'%20viewBox='0%200%20370%20247'%3E%3C\/svg%3E\" class=\"zeen-lazy-load-base zeen-lazy-load\" data-lazy-src=\"http:\/\/lingualabclub.com\/wp-content\/uploads\/2020\/10\/Club-de-Conversacion-Banner-2.gif\"><noscript><img decoding=\"async\" src=\"http:\/\/lingualabclub.com\/wp-content\/uploads\/2020\/10\/Club-de-Conversacion-Banner-2.gif\"><\/noscript><\/p>\n<p class=\"inherit-fs-on tipi-center\" style=\"font-size: 21px;\">Si te gusta hablar en ingl\u00e9s o est\u00e1s aprendi\u00e9ndolo&#8230;&nbsp;\u00a1este club es para ti!&nbsp;<\/p>\n<p class=\"inherit-fs-on tipi-center\" style=\"font-size: 21px;\"><\/p>\n<p class=\"inherit-fs-on tipi-center\" style=\"font-size: 21px;\"><strong>El Club de Conversaci\u00f3n en ingl\u00e9s<\/strong> es un espacio que se ofrece para que las personas se re\u00fanan y pasen un rato agradable, practicando sus conocimientos del idioma ingl\u00e9s. No son clases, sino conversaciones libres, con temas amplios y amenos, para practicar.<\/p>\n<p class=\"inherit-fs-on tipi-center\" style=\"font-size: 21px;\"><\/p>\n<p class=\"inherit-fs-on tipi-center\" style=\"font-size: 21px;\">\u00a1No importa si tienes un nivel b\u00e1sico, intermedio o avanzado, te invitamos a participar y disfrutar mientras mejoras tu nivel de ingl\u00e9s!<\/p>\n<p class=\"inherit-fs-on tipi-center\" style=\"font-size: 21px;\"><\/p>\n<p class=\"inherit-fs-on tipi-center\" style=\"font-size: 21px;\"><strong>Ponte en contacto con nosotros<\/strong> y te daremos detalles, as\u00ed como lugar y hora!&nbsp;<\/p>\n<p><a class=\"maxbutton-2 maxbutton maxbutton-contact\" rel=\"nofollow noopener\" href=\"https:\/\/lingualabclub.com\/index.php\/contact-2\/\"><span class='mb-text'>CONTACT US<\/span><\/a><br \/>\n<img decoding=\"async\" src=\"data:image\/svg+xml,%3Csvg%20xmlns='http:\/\/www.w3.org\/2000\/svg'%20viewBox='0%200%20370%20247'%3E%3C\/svg%3E\" class=\"zeen-lazy-load-base zeen-lazy-load\" data-lazy-src=\"http:\/\/lingualabclub.com\/wp-content\/uploads\/2020\/09\/Captura-de-pantalla-2020-09-25-a-las-16.54.32.jpg\"><noscript><img decoding=\"async\" src=\"http:\/\/lingualabclub.com\/wp-content\/uploads\/2020\/09\/Captura-de-pantalla-2020-09-25-a-las-16.54.32.jpg\"><\/noscript><\/p>\n<p style=\"font-size: 38px;\" class=\"inherit-fs-on\">&#8220;One language sets you in a corridor for life. Two languages open every door along the way.&#8221;<\/p>\n<p style=\"font-size: 38px;\" class=\"inherit-fs-on\"><strong>Frank Smith<\/strong><\/p>\n","protected":false},"excerpt":{"rendered":"<p>Si te gusta hablar en ingl\u00e9s o est\u00e1s aprendi\u00e9ndolo&#8230;&nbsp;\u00a1este club es para ti!&nbsp; El Club de Conversaci\u00f3n en ingl\u00e9s es un espacio que se ofrece para que las personas se re\u00fanan y pasen un rato agradable, practicando sus conocimientos del idioma ingl\u00e9s. No son clases, sino conversaciones libres, con temas amplios y amenos, para practicar. \u00a1No importa si tienes un nivel b\u00e1sico, intermedio o avanzado, te invitamos a participar y disfrutar mientras mejoras tu nivel de ingl\u00e9s! Ponte en contacto [&hellip;]<\/p>\n","protected":false},"author":1,"featured_media":134,"parent":0,"menu_order":0,"comment_status":"closed","ping_status":"closed","template":"","meta":{"footnotes":""},"yoast_head":"<!-- This site is optimized with the Yoast SEO plugin v22.3 - https:\/\/yoast.com\/wordpress\/plugins\/seo\/ -->\n<title>Clases - LINGUALAB CLUB Clases - LINGUALAB CLUB - Clases<\/title>\n<meta name=\"description\" content=\"No importa si tienes un nivel b\u00e1sico, intermedio o avanzado, te invitamos a participar y disfrutar mientras mejoras tu nivel de ingl\u00e9s\" \/>\n<meta name=\"robots\" content=\"index, follow, max-snippet:-1, max-image-preview:large, max-video-preview:-1\" \/>\n<link rel=\"canonical\" href=\"https:\/\/lingualabclub.com\/index.php\/contact-3\/\" \/>\n<meta property=\"og:locale\" content=\"en_US\" \/>\n<meta property=\"og:type\" content=\"article\" \/>\n<meta property=\"og:title\" content=\"Clases - LINGUALAB CLUB Clases - LINGUALAB CLUB - Clases\" \/>\n<meta property=\"og:description\" content=\"No importa si tienes un nivel b\u00e1sico, intermedio o avanzado, te invitamos a participar y disfrutar mientras mejoras tu nivel de ingl\u00e9s\" \/>\n<meta property=\"og:url\" content=\"https:\/\/lingualabclub.com\/index.php\/contact-3\/\" \/>\n<meta property=\"og:site_name\" content=\"LINGUALAB CLUB\" \/>\n<meta property=\"article:modified_time\" content=\"2021-05-12T10:13:22+00:00\" \/>\n<meta name=\"twitter:card\" content=\"summary_large_image\" \/>\n<meta name=\"twitter:label1\" content=\"Est. reading time\" \/>\n\t<meta name=\"twitter:data1\" content=\"1 minute\" \/>\n<script type=\"application\/ld+json\" class=\"yoast-schema-graph\">{\"@context\":\"https:\/\/schema.org\",\"@graph\":[{\"@type\":\"WebPage\",\"@id\":\"https:\/\/lingualabclub.com\/index.php\/contact-3\/\",\"url\":\"https:\/\/lingualabclub.com\/index.php\/contact-3\/\",\"name\":\"Clases - LINGUALAB CLUB Clases - LINGUALAB CLUB - Clases\",\"isPartOf\":{\"@id\":\"https:\/\/lingualabclub.com\/#website\"},\"primaryImageOfPage\":{\"@id\":\"https:\/\/lingualabclub.com\/index.php\/contact-3\/#primaryimage\"},\"image\":{\"@id\":\"https:\/\/lingualabclub.com\/index.php\/contact-3\/#primaryimage\"},\"thumbnailUrl\":\"\",\"datePublished\":\"2018-08-23T13:24:29+00:00\",\"dateModified\":\"2021-05-12T10:13:22+00:00\",\"description\":\"No importa si tienes un nivel b\u00e1sico, intermedio o avanzado, te invitamos a participar y disfrutar mientras mejoras tu nivel de ingl\u00e9s\",\"breadcrumb\":{\"@id\":\"https:\/\/lingualabclub.com\/index.php\/contact-3\/#breadcrumb\"},\"inLanguage\":\"en-US\",\"potentialAction\":[{\"@type\":\"ReadAction\",\"target\":[\"https:\/\/lingualabclub.com\/index.php\/contact-3\/\"]}]},{\"@type\":\"ImageObject\",\"inLanguage\":\"en-US\",\"@id\":\"https:\/\/lingualabclub.com\/index.php\/contact-3\/#primaryimage\",\"url\":\"\",\"contentUrl\":\"\"},{\"@type\":\"BreadcrumbList\",\"@id\":\"https:\/\/lingualabclub.com\/index.php\/contact-3\/#breadcrumb\",\"itemListElement\":[{\"@type\":\"ListItem\",\"position\":1,\"name\":\"Home\",\"item\":\"https:\/\/lingualabclub.com\/\"},{\"@type\":\"ListItem\",\"position\":2,\"name\":\"Clases\"}]},{\"@type\":\"WebSite\",\"@id\":\"https:\/\/lingualabclub.com\/#website\",\"url\":\"https:\/\/lingualabclub.com\/\",\"name\":\"LINGUALAB CLUB\",\"description\":\"\",\"potentialAction\":[{\"@type\":\"SearchAction\",\"target\":{\"@type\":\"EntryPoint\",\"urlTemplate\":\"https:\/\/lingualabclub.com\/?s={search_term_string}\"},\"query-input\":\"required name=search_term_string\"}],\"inLanguage\":\"en-US\"}]}<\/script>\n<!-- \/ Yoast SEO plugin. -->","yoast_head_json":{"title":"Clases - LINGUALAB CLUB Clases - LINGUALAB CLUB - Clases","description":"No importa si tienes un nivel b\u00e1sico, intermedio o avanzado, te invitamos a participar y disfrutar mientras mejoras tu nivel de ingl\u00e9s","robots":{"index":"index","follow":"follow","max-snippet":"max-snippet:-1","max-image-preview":"max-image-preview:large","max-video-preview":"max-video-preview:-1"},"canonical":"https:\/\/lingualabclub.com\/index.php\/contact-3\/","og_locale":"en_US","og_type":"article","og_title":"Clases - LINGUALAB CLUB Clases - LINGUALAB CLUB - Clases","og_description":"No importa si tienes un nivel b\u00e1sico, intermedio o avanzado, te invitamos a participar y disfrutar mientras mejoras tu nivel de ingl\u00e9s","og_url":"https:\/\/lingualabclub.com\/index.php\/contact-3\/","og_site_name":"LINGUALAB CLUB","article_modified_time":"2021-05-12T10:13:22+00:00","twitter_card":"summary_large_image","twitter_misc":{"Est. reading time":"1 minute"},"schema":{"@context":"https:\/\/schema.org","@graph":[{"@type":"WebPage","@id":"https:\/\/lingualabclub.com\/index.php\/contact-3\/","url":"https:\/\/lingualabclub.com\/index.php\/contact-3\/","name":"Clases - LINGUALAB CLUB Clases - LINGUALAB CLUB - Clases","isPartOf":{"@id":"https:\/\/lingualabclub.com\/#website"},"primaryImageOfPage":{"@id":"https:\/\/lingualabclub.com\/index.php\/contact-3\/#primaryimage"},"image":{"@id":"https:\/\/lingualabclub.com\/index.php\/contact-3\/#primaryimage"},"thumbnailUrl":"","datePublished":"2018-08-23T13:24:29+00:00","dateModified":"2021-05-12T10:13:22+00:00","description":"No importa si tienes un nivel b\u00e1sico, intermedio o avanzado, te invitamos a participar y disfrutar mientras mejoras tu nivel de ingl\u00e9s","breadcrumb":{"@id":"https:\/\/lingualabclub.com\/index.php\/contact-3\/#breadcrumb"},"inLanguage":"en-US","potentialAction":[{"@type":"ReadAction","target":["https:\/\/lingualabclub.com\/index.php\/contact-3\/"]}]},{"@type":"ImageObject","inLanguage":"en-US","@id":"https:\/\/lingualabclub.com\/index.php\/contact-3\/#primaryimage","url":"","contentUrl":""},{"@type":"BreadcrumbList","@id":"https:\/\/lingualabclub.com\/index.php\/contact-3\/#breadcrumb","itemListElement":[{"@type":"ListItem","position":1,"name":"Home","item":"https:\/\/lingualabclub.com\/"},{"@type":"ListItem","position":2,"name":"Clases"}]},{"@type":"WebSite","@id":"https:\/\/lingualabclub.com\/#website","url":"https:\/\/lingualabclub.com\/","name":"LINGUALAB CLUB","description":"","potentialAction":[{"@type":"SearchAction","target":{"@type":"EntryPoint","urlTemplate":"https:\/\/lingualabclub.com\/?s={search_term_string}"},"query-input":"required name=search_term_string"}],"inLanguage":"en-US"}]}},"_links":{"self":[{"href":"https:\/\/lingualabclub.com\/index.php\/wp-json\/wp\/v2\/pages\/100226"}],"collection":[{"href":"https:\/\/lingualabclub.com\/index.php\/wp-json\/wp\/v2\/pages"}],"about":[{"href":"https:\/\/lingualabclub.com\/index.php\/wp-json\/wp\/v2\/types\/page"}],"author":[{"embeddable":true,"href":"https:\/\/lingualabclub.com\/index.php\/wp-json\/wp\/v2\/users\/1"}],"replies":[{"embeddable":true,"href":"https:\/\/lingualabclub.com\/index.php\/wp-json\/wp\/v2\/comments?post=100226"}],"version-history":[{"count":44,"href":"https:\/\/lingualabclub.com\/index.php\/wp-json\/wp\/v2\/pages\/100226\/revisions"}],"predecessor-version":[{"id":101145,"href":"https:\/\/lingualabclub.com\/index.php\/wp-json\/wp\/v2\/pages\/100226\/revisions\/101145"}],"wp:featuredmedia":[{"embeddable":true,"href":"https:\/\/lingualabclub.com\/index.php\/wp-json\/"}],"wp:attachment":[{"href":"https:\/\/lingualabclub.com\/index.php\/wp-json\/wp\/v2\/media?parent=100226"}],"curies":[{"name":"wp","href":"https:\/\/api.w.org\/{rel}","templated":true}]}}