{"id":140,"date":"2018-06-02T14:51:29","date_gmt":"2018-06-02T14:51:29","guid":{"rendered":"http:\/\/demos.codetipi.com\/zeen\/?page_id=140"},"modified":"2020-10-13T17:44:04","modified_gmt":"2020-10-13T17:44:04","slug":"homepage","status":"publish","type":"page","link":"https:\/\/lingualabclub.com\/","title":{"rendered":"Homepage"},"content":{"rendered":"<p><img decoding=\"async\" src=\"data:image\/svg+xml,%3Csvg%20xmlns='http:\/\/www.w3.org\/2000\/svg'%20viewBox='0%200%20370%20247'%3E%3C\/svg%3E\" class=\"zeen-lazy-load-base zeen-lazy-load\" data-lazy-src=\"http:\/\/lingualabclub.com\/wp-content\/uploads\/2020\/10\/Header-definitivo-pantalla.gif\"><noscript><img decoding=\"async\" src=\"http:\/\/lingualabclub.com\/wp-content\/uploads\/2020\/10\/Header-definitivo-pantalla.gif\"><\/noscript><br \/>\n<img decoding=\"async\" src=\"data:image\/svg+xml,%3Csvg%20xmlns='http:\/\/www.w3.org\/2000\/svg'%20viewBox='0%200%20370%20247'%3E%3C\/svg%3E\" class=\"zeen-lazy-load-base zeen-lazy-load\" data-lazy-src=\"http:\/\/lingualabclub.com\/wp-content\/uploads\/2020\/10\/Copy-of-Untitled-copia.png\"><noscript><img decoding=\"async\" src=\"http:\/\/lingualabclub.com\/wp-content\/uploads\/2020\/10\/Copy-of-Untitled-copia.png\"><\/noscript><br \/>\n<img decoding=\"async\" src=\"data:image\/svg+xml,%3Csvg%20xmlns='http:\/\/www.w3.org\/2000\/svg'%20viewBox='0%200%20370%20247'%3E%3C\/svg%3E\" class=\"zeen-lazy-load-base zeen-lazy-load\" data-lazy-src=\"http:\/\/lingualabclub.com\/wp-content\/uploads\/2020\/10\/COPIA-LATAS-CON-FORMA.gif\"><noscript><img decoding=\"async\" src=\"http:\/\/lingualabclub.com\/wp-content\/uploads\/2020\/10\/COPIA-LATAS-CON-FORMA.gif\"><\/noscript><br \/>\n<img decoding=\"async\" src=\"data:image\/svg+xml,%3Csvg%20xmlns='http:\/\/www.w3.org\/2000\/svg'%20viewBox='0%200%20370%20247'%3E%3C\/svg%3E\" class=\"zeen-lazy-load-base zeen-lazy-load\" data-lazy-src=\"http:\/\/lingualabclub.com\/wp-content\/uploads\/2020\/10\/Club-de-Conversacion-Banner-2.gif\"><noscript><img decoding=\"async\" src=\"http:\/\/lingualabclub.com\/wp-content\/uploads\/2020\/10\/Club-de-Conversacion-Banner-2.gif\"><\/noscript><br \/>\n<img decoding=\"async\" src=\"data:image\/svg+xml,%3Csvg%20xmlns='http:\/\/www.w3.org\/2000\/svg'%20viewBox='0%200%20370%20247'%3E%3C\/svg%3E\" class=\"zeen-lazy-load-base zeen-lazy-load\" data-lazy-src=\"http:\/\/lingualabclub.com\/wp-content\/uploads\/2020\/10\/DISLEXIC-FORMA.gif\"><noscript><img decoding=\"async\" src=\"http:\/\/lingualabclub.com\/wp-content\/uploads\/2020\/10\/DISLEXIC-FORMA.gif\"><\/noscript><br \/>\n<img decoding=\"async\" src=\"data:image\/svg+xml,%3Csvg%20xmlns='http:\/\/www.w3.org\/2000\/svg'%20viewBox='0%200%20370%20247'%3E%3C\/svg%3E\" class=\"zeen-lazy-load-base zeen-lazy-load\" data-lazy-src=\"http:\/\/lingualabclub.com\/wp-content\/uploads\/2020\/10\/foto-karin-redondeada.jpg\"><noscript><img decoding=\"async\" src=\"http:\/\/lingualabclub.com\/wp-content\/uploads\/2020\/10\/foto-karin-redondeada.jpg\"><\/noscript><\/p>\n<p class=\"inherit-fs-on fontfam-2\" style=\"font-size: 33px;\">&#8220;To have another language is to possess a second soul.&#8221;<\/p>\n<p class=\"inherit-fs-on fontfam-2\" style=\"font-size: 33px;\"><strong>Charlemagne<\/strong><\/p>\n<p><\/p>\n","protected":false},"excerpt":{"rendered":"<p>&#8220;To have another language is to possess a second soul.&#8221; Charlemagne<\/p>\n","protected":false},"author":1,"featured_media":0,"parent":0,"menu_order":0,"comment_status":"closed","ping_status":"closed","template":"","meta":{"footnotes":""},"class_list":["post-140","page","type-page","status-publish","hentry"],"yoast_head":"<!-- This site is optimized with the Yoast SEO plugin v22.3 - https:\/\/yoast.com\/wordpress\/plugins\/seo\/ -->\n<title>Homepage - LINGUALAB CLUB LINGUALAB CLUB LINGUALAB CLUB<\/title>\n<meta name=\"description\" content=\"P\u00e1gina de Lingualab Language Club, donde no existen l\u00edmites en el aprendizaje del ingl\u00e9s o espa\u00f1ol para extranjeros.\" \/>\n<meta name=\"robots\" content=\"index, follow, max-snippet:-1, max-image-preview:large, max-video-preview:-1\" \/>\n<link rel=\"canonical\" href=\"https:\/\/lingualabclub.com\/\" \/>\n<meta property=\"og:locale\" content=\"en_US\" \/>\n<meta property=\"og:type\" content=\"article\" \/>\n<meta property=\"og:title\" content=\"Homepage - LINGUALAB CLUB LINGUALAB CLUB LINGUALAB CLUB\" \/>\n<meta property=\"og:description\" content=\"P\u00e1gina de Lingualab Language Club, donde no existen l\u00edmites en el aprendizaje del ingl\u00e9s o espa\u00f1ol para extranjeros.\" \/>\n<meta property=\"og:url\" content=\"https:\/\/lingualabclub.com\/\" \/>\n<meta property=\"og:site_name\" content=\"LINGUALAB CLUB\" \/>\n<meta property=\"article:modified_time\" content=\"2020-10-13T17:44:04+00:00\" \/>\n<meta property=\"og:image\" content=\"http:\/\/lingualabclub.com\/wp-content\/uploads\/2020\/10\/Header-definitivo-pantalla.gif\" \/>\n<meta name=\"twitter:card\" content=\"summary_large_image\" \/>\n<script type=\"application\/ld+json\" class=\"yoast-schema-graph\">{\"@context\":\"https:\/\/schema.org\",\"@graph\":[{\"@type\":\"WebPage\",\"@id\":\"https:\/\/lingualabclub.com\/\",\"url\":\"https:\/\/lingualabclub.com\/\",\"name\":\"Homepage - LINGUALAB CLUB LINGUALAB CLUB LINGUALAB CLUB\",\"isPartOf\":{\"@id\":\"https:\/\/lingualabclub.com\/#website\"},\"primaryImageOfPage\":{\"@id\":\"https:\/\/lingualabclub.com\/#primaryimage\"},\"image\":{\"@id\":\"https:\/\/lingualabclub.com\/#primaryimage\"},\"thumbnailUrl\":\"http:\/\/lingualabclub.com\/wp-content\/uploads\/2020\/10\/Header-definitivo-pantalla.gif\",\"datePublished\":\"2018-06-02T14:51:29+00:00\",\"dateModified\":\"2020-10-13T17:44:04+00:00\",\"description\":\"P\u00e1gina de Lingualab Language Club, donde no existen l\u00edmites en el aprendizaje del ingl\u00e9s o espa\u00f1ol para extranjeros.\",\"breadcrumb\":{\"@id\":\"https:\/\/lingualabclub.com\/#breadcrumb\"},\"inLanguage\":\"en-US\",\"potentialAction\":[{\"@type\":\"ReadAction\",\"target\":[\"https:\/\/lingualabclub.com\/\"]}]},{\"@type\":\"ImageObject\",\"inLanguage\":\"en-US\",\"@id\":\"https:\/\/lingualabclub.com\/#primaryimage\",\"url\":\"http:\/\/lingualabclub.com\/wp-content\/uploads\/2020\/10\/Header-definitivo-pantalla.gif\",\"contentUrl\":\"http:\/\/lingualabclub.com\/wp-content\/uploads\/2020\/10\/Header-definitivo-pantalla.gif\"},{\"@type\":\"BreadcrumbList\",\"@id\":\"https:\/\/lingualabclub.com\/#breadcrumb\",\"itemListElement\":[{\"@type\":\"ListItem\",\"position\":1,\"name\":\"Home\",\"item\":\"https:\/\/lingualabclub.com\/\"},{\"@type\":\"ListItem\",\"position\":2,\"name\":\"Homepage\"}]},{\"@type\":\"WebSite\",\"@id\":\"https:\/\/lingualabclub.com\/#website\",\"url\":\"https:\/\/lingualabclub.com\/\",\"name\":\"LINGUALAB CLUB\",\"description\":\"\",\"potentialAction\":[{\"@type\":\"SearchAction\",\"target\":{\"@type\":\"EntryPoint\",\"urlTemplate\":\"https:\/\/lingualabclub.com\/?s={search_term_string}\"},\"query-input\":\"required name=search_term_string\"}],\"inLanguage\":\"en-US\"}]}<\/script>\n<!-- \/ Yoast SEO plugin. -->","yoast_head_json":{"title":"Homepage - LINGUALAB CLUB LINGUALAB CLUB LINGUALAB CLUB","description":"P\u00e1gina de Lingualab Language Club, donde no existen l\u00edmites en el aprendizaje del ingl\u00e9s o espa\u00f1ol para extranjeros.","robots":{"index":"index","follow":"follow","max-snippet":"max-snippet:-1","max-image-preview":"max-image-preview:large","max-video-preview":"max-video-preview:-1"},"canonical":"https:\/\/lingualabclub.com\/","og_locale":"en_US","og_type":"article","og_title":"Homepage - LINGUALAB CLUB LINGUALAB CLUB LINGUALAB CLUB","og_description":"P\u00e1gina de Lingualab Language Club, donde no existen l\u00edmites en el aprendizaje del ingl\u00e9s o espa\u00f1ol para extranjeros.","og_url":"https:\/\/lingualabclub.com\/","og_site_name":"LINGUALAB CLUB","article_modified_time":"2020-10-13T17:44:04+00:00","og_image":[{"url":"http:\/\/lingualabclub.com\/wp-content\/uploads\/2020\/10\/Header-definitivo-pantalla.gif"}],"twitter_card":"summary_large_image","schema":{"@context":"https:\/\/schema.org","@graph":[{"@type":"WebPage","@id":"https:\/\/lingualabclub.com\/","url":"https:\/\/lingualabclub.com\/","name":"Homepage - LINGUALAB CLUB LINGUALAB CLUB LINGUALAB CLUB","isPartOf":{"@id":"https:\/\/lingualabclub.com\/#website"},"primaryImageOfPage":{"@id":"https:\/\/lingualabclub.com\/#primaryimage"},"image":{"@id":"https:\/\/lingualabclub.com\/#primaryimage"},"thumbnailUrl":"http:\/\/lingualabclub.com\/wp-content\/uploads\/2020\/10\/Header-definitivo-pantalla.gif","datePublished":"2018-06-02T14:51:29+00:00","dateModified":"2020-10-13T17:44:04+00:00","description":"P\u00e1gina de Lingualab Language Club, donde no existen l\u00edmites en el aprendizaje del ingl\u00e9s o espa\u00f1ol para extranjeros.","breadcrumb":{"@id":"https:\/\/lingualabclub.com\/#breadcrumb"},"inLanguage":"en-US","potentialAction":[{"@type":"ReadAction","target":["https:\/\/lingualabclub.com\/"]}]},{"@type":"ImageObject","inLanguage":"en-US","@id":"https:\/\/lingualabclub.com\/#primaryimage","url":"http:\/\/lingualabclub.com\/wp-content\/uploads\/2020\/10\/Header-definitivo-pantalla.gif","contentUrl":"http:\/\/lingualabclub.com\/wp-content\/uploads\/2020\/10\/Header-definitivo-pantalla.gif"},{"@type":"BreadcrumbList","@id":"https:\/\/lingualabclub.com\/#breadcrumb","itemListElement":[{"@type":"ListItem","position":1,"name":"Home","item":"https:\/\/lingualabclub.com\/"},{"@type":"ListItem","position":2,"name":"Homepage"}]},{"@type":"WebSite","@id":"https:\/\/lingualabclub.com\/#website","url":"https:\/\/lingualabclub.com\/","name":"LINGUALAB CLUB","description":"","potentialAction":[{"@type":"SearchAction","target":{"@type":"EntryPoint","urlTemplate":"https:\/\/lingualabclub.com\/?s={search_term_string}"},"query-input":"required name=search_term_string"}],"inLanguage":"en-US"}]}},"_links":{"self":[{"href":"https:\/\/lingualabclub.com\/index.php\/wp-json\/wp\/v2\/pages\/140","targetHints":{"allow":["GET"]}}],"collection":[{"href":"https:\/\/lingualabclub.com\/index.php\/wp-json\/wp\/v2\/pages"}],"about":[{"href":"https:\/\/lingualabclub.com\/index.php\/wp-json\/wp\/v2\/types\/page"}],"author":[{"embeddable":true,"href":"https:\/\/lingualabclub.com\/index.php\/wp-json\/wp\/v2\/users\/1"}],"replies":[{"embeddable":true,"href":"https:\/\/lingualabclub.com\/index.php\/wp-json\/wp\/v2\/comments?post=140"}],"version-history":[{"count":72,"href":"https:\/\/lingualabclub.com\/index.php\/wp-json\/wp\/v2\/pages\/140\/revisions"}],"predecessor-version":[{"id":101124,"href":"https:\/\/lingualabclub.com\/index.php\/wp-json\/wp\/v2\/pages\/140\/revisions\/101124"}],"wp:attachment":[{"href":"https:\/\/lingualabclub.com\/index.php\/wp-json\/wp\/v2\/media?parent=140"}],"curies":[{"name":"wp","href":"https:\/\/api.w.org\/{rel}","templated":true}]}}