{"id":845,"date":"2018-07-31T10:17:00","date_gmt":"2018-07-31T10:17:00","guid":{"rendered":"https:\/\/demos.codetipi.com\/zeen\/?page_id=845"},"modified":"2021-05-12T10:16:57","modified_gmt":"2021-05-12T10:16:57","slug":"privacy-policy-2","status":"publish","type":"page","link":"https:\/\/lingualabclub.com\/index.php\/privacy-policy-2\/","title":{"rendered":"Pol\u00edtica de Cookies"},"content":{"rendered":"<p><img decoding=\"async\" src=\"data:image\/svg+xml,%3Csvg%20xmlns='http:\/\/www.w3.org\/2000\/svg'%20viewBox='0%200%20370%20247'%3E%3C\/svg%3E\" class=\"zeen-lazy-load-base zeen-lazy-load\" data-lazy-src=\"http:\/\/lingualabclub.com\/wp-content\/uploads\/2020\/10\/Food-Photo-Collage-YouTube-Channel-Art-copia.jpg\"><noscript><img decoding=\"async\" src=\"http:\/\/lingualabclub.com\/wp-content\/uploads\/2020\/10\/Food-Photo-Collage-YouTube-Channel-Art-copia.jpg\"><\/noscript><\/p>\n<p>Los navegadores web son las herramientas encargadas de almacenar las&nbsp;cookies&nbsp;y desde este lugar debe efectuar su derecho a eliminaci\u00f3n o desactivaci\u00f3n de las mismas. Ni esta web ni sus representantes legales pueden garantizar la correcta o incorrecta manipulaci\u00f3n de las&nbsp;cookies&nbsp;por parte de los mencionados navegadores.<\/p>\n<p>En algunos casos es necesario instalar&nbsp;cookies&nbsp;para que el navegador no olvide su decisi\u00f3n de no aceptaci\u00f3n de las mismas.<\/p>\n<p>En el caso de las&nbsp;cookies&nbsp;de Google Analytics, esta empresa almacena las&nbsp;cookies&nbsp;en servidores ubicados en Estados Unidos y se compromete a no compartirla con terceros, excepto en los casos en los que sea necesario para el funcionamiento del sistema o cuando la ley obligue a tal efecto. Seg\u00fan Google no guarda su direcci\u00f3n IP. Google Inc. es una compa\u00f1\u00eda adherida al Acuerdo de Puerto Seguro que garantiza que todos los datos transferidos ser\u00e1n tratados con un nivel de protecci\u00f3n acorde a la normativa europea. Puede consultar informaci\u00f3n detallada a este respecto&nbsp;en este enlace. Si desea informaci\u00f3n sobre el uso que Google da a las cookies&nbsp;le adjuntamos este otro enlace.<\/p>\n<p>Para cualquier duda o consulta acerca de esta pol\u00edtica de&nbsp;cookies&nbsp;no dude en comunicarse con nosotros a trav\u00e9s de la secci\u00f3n de contacto.<\/p>\n<p>\u00bfQu\u00e9 es una cookie?<\/p>\n<p>Una&nbsp;cookie&nbsp;es un fichero de texto&nbsp;<strong>inofensivo<\/strong>&nbsp;que se almacena en su navegador cuando visita casi cualquier p\u00e1gina web. La utilidad de la&nbsp;<em>cookie<\/em>&nbsp;es que la web sea capaz de recordar su visita cuando vuelva a navegar por esa p\u00e1gina. Aunque mucha gente no lo sabe las&nbsp;<em>cookies<\/em>&nbsp;se llevan utilizando desde hace 20 a\u00f1os, cuando aparecieron los primeros navegadores para la World Wide Web.<\/p>\n<p>\u00bfQu\u00e9 NO ES una cookie?<\/p>\n<p>No es un virus, ni un troyano, ni un gusano, ni spam, ni spyware, ni abre ventanas pop-up. De ah\u00ed esta secci\u00f3n, \u00abM\u00e1s informaci\u00f3n sobre las cookies\u00bb.<\/p>\n<p>\u00bfQu\u00e9 informaci\u00f3n almacena una&nbsp;cookie?<\/p>\n<p>Las&nbsp;cookies&nbsp;no suelen almacenar informaci\u00f3n sensible sobre usted, como tarjetas de cr\u00e9dito o datos bancarios, fotograf\u00edas, su DNI o informaci\u00f3n personal, etc. Los datos que guardan son de car\u00e1cter t\u00e9cnico, preferencias personales, personalizaci\u00f3n de contenidos, etc.<\/p>\n<p>El servidor web no le asocia a usted como persona si no a su navegador web. De hecho, si usted navega habitualmente con Internet Explorer y prueba a navegar por la misma web con Firefox o Chrome ver\u00e1 que la web no se da cuenta que es usted la misma persona porque en realidad est\u00e1 asociando al navegador, no a la persona.<\/p>\n<p><strong>Internet Explorer<\/strong><\/p>\n<p>Para acceder a la configuraci\u00f3n de&nbsp;cookies&nbsp;del navegador&nbsp;Internet Explorer&nbsp;siga estos pasos (pueden variar en funci\u00f3n de la versi\u00f3n del navegador):<\/p>\n<p>Vaya a&nbsp;<em>Herramientas<\/em>,&nbsp;<em>Opciones de Internet<\/em><\/p>\n<p>Haga click en&nbsp;<em>Privacidad<\/em>.<\/p>\n<p>Mueva el deslizador hasta ajustar el nivel de privacidad que desee.<\/p>\n<p><strong>Firefox<\/strong><\/p>\n<p>Para ingresar a la configuraci\u00f3n de&nbsp;cookies&nbsp;del navegador&nbsp;Firefox&nbsp;siga estos pasos (pueden variar en funci\u00f3n de la versi\u00f3n del navegador):<\/p>\n<p>Vaya a&nbsp;<em>Opciones<\/em>&nbsp;o&nbsp;<em>Preferencias<\/em>&nbsp;seg\u00fan su sistema operativo.<\/p>\n<p>Haga click en&nbsp;<em>Privacidad<\/em>.<\/p>\n<p>En&nbsp;<em>Historial<\/em>&nbsp;elija&nbsp;<em>Usar una configuraci\u00f3n personalizada para el historial<\/em>.<\/p>\n<p>Ahora ver\u00e1 la opci\u00f3n&nbsp;<em>Aceptar cookies<\/em>, puede activarla o desactivarla seg\u00fan sus preferencias.<\/p>\n<p><strong>Safari para OSX<\/strong><\/p>\n<p>Para acceder a la configuraci\u00f3n de&nbsp;cookies&nbsp;del navegador&nbsp;Safari para OSX&nbsp;siga estos pasos (pueden variar en funci\u00f3n de la versi\u00f3n del navegador):<\/p>\n<p>Vaya a&nbsp;<em>Preferencias<\/em>, luego&nbsp;<em>Privacidad<\/em>.<\/p>\n<p>En este lugar ver\u00e1 la opci\u00f3n&nbsp;<em>Bloquear cookies<\/em>&nbsp;para que ajuste el tipo de bloqueo que desea realizar.<\/p>\n<p><strong>Safari para iOS<\/strong><\/p>\n<p>Para acceder a la configuraci\u00f3n de&nbsp;cookies&nbsp;del navegador&nbsp;Safari para iOS&nbsp;siga estos pasos (pueden variar en funci\u00f3n de la versi\u00f3n del navegador):<\/p>\n<p>Vaya a&nbsp;<em>Ajustes<\/em>, luego&nbsp;<em>Safari<\/em>.<\/p>\n<p>Vaya a&nbsp;<em>Privacidad y Seguridad<\/em>, ver\u00e1 la opci\u00f3n&nbsp;<em>Bloquear cookies<\/em>&nbsp;para que ajuste el tipo de bloqueo que desea realizar.<\/p>\n<p><strong>Android<\/strong><\/p>\n<p>Para acceder a la configuraci\u00f3n de&nbsp;cookies&nbsp;del navegador para dispositivos&nbsp;Android&nbsp;siga estos pasos (pueden variar en funci\u00f3n de la versi\u00f3n del navegador):<\/p>\n<p>Ejecute el navegador y pulse la tecla&nbsp;<em>Men\u00fa<\/em>, luego&nbsp;<em>Ajustes<\/em>.<\/p>\n<p>Vaya a&nbsp;<em>Seguridad y Privacidad<\/em>, ver\u00e1 la opci\u00f3n&nbsp;<em>Aceptar cookies<\/em>&nbsp;para que active o desactive la casilla.<\/p>\n<p><strong>Windows Phone<\/strong><\/p>\n<p>Para acceder a la configuraci\u00f3n de&nbsp;cookies&nbsp;del navegador para dispositivos&nbsp;Windows Phone&nbsp;siga estos pasos (pueden variar en funci\u00f3n de la versi\u00f3n del navegador):<\/p>\n<p>Abra&nbsp;<em>Internet Explorer<\/em>, luego&nbsp;<em>M\u00e1s<\/em>, luego&nbsp;<em>Configuraci\u00f3n<\/em><\/p>\n<p>Ahora puede activar o desactivar la casilla&nbsp;<em>Permitir cookies<\/em>.<\/p>\n<p>En M\u00e1s informaci\u00f3n sobre las Cookies intentamos aclararte todo sobre este punto. Para m\u00e1s informaci\u00f3n pincha en el siguiente enlace.<\/p>\n<p><\/p>\n<p><\/p>\n","protected":false},"excerpt":{"rendered":"<p>Los navegadores web son las herramientas encargadas de almacenar las&nbsp;cookies&nbsp;y desde este lugar debe efectuar su derecho a eliminaci\u00f3n o desactivaci\u00f3n de las mismas. Ni esta web ni sus representantes legales pueden garantizar la correcta o incorrecta manipulaci\u00f3n de las&nbsp;cookies&nbsp;por parte de los mencionados navegadores. En algunos casos es necesario instalar&nbsp;cookies&nbsp;para que el navegador no olvide su decisi\u00f3n de no aceptaci\u00f3n de las mismas. En el caso de las&nbsp;cookies&nbsp;de Google Analytics, esta empresa almacena las&nbsp;cookies&nbsp;en servidores ubicados en Estados Unidos [&hellip;]<\/p>\n","protected":false},"author":1,"featured_media":959,"parent":0,"menu_order":0,"comment_status":"closed","ping_status":"closed","template":"","meta":{"footnotes":""},"yoast_head":"<!-- This site is optimized with the Yoast SEO plugin v22.3 - https:\/\/yoast.com\/wordpress\/plugins\/seo\/ -->\n<title>Pol\u00edtica de Cookies - LINGUALAB CLUB - LINGUALAB CLUB Pol\u00edtica de Cookies<\/title>\n<meta name=\"description\" content=\"Los navegadores web son las herramientas encargadas de almacenar las\u00a0cookies\u00a0y desde este lugar debe efectuar su eliminaci\u00f3n o desactivaci\u00f3n.\" \/>\n<meta name=\"robots\" content=\"index, follow, max-snippet:-1, max-image-preview:large, max-video-preview:-1\" \/>\n<link rel=\"canonical\" href=\"https:\/\/lingualabclub.com\/index.php\/privacy-policy-2\/\" \/>\n<meta property=\"og:locale\" content=\"en_US\" \/>\n<meta property=\"og:type\" content=\"article\" \/>\n<meta property=\"og:title\" content=\"Pol\u00edtica de Cookies - LINGUALAB CLUB - LINGUALAB CLUB Pol\u00edtica de Cookies\" \/>\n<meta property=\"og:description\" content=\"Los navegadores web son las herramientas encargadas de almacenar las\u00a0cookies\u00a0y desde este lugar debe efectuar su eliminaci\u00f3n o desactivaci\u00f3n.\" \/>\n<meta property=\"og:url\" content=\"https:\/\/lingualabclub.com\/index.php\/privacy-policy-2\/\" \/>\n<meta property=\"og:site_name\" content=\"LINGUALAB CLUB\" \/>\n<meta property=\"article:modified_time\" content=\"2021-05-12T10:16:57+00:00\" \/>\n<meta name=\"twitter:card\" content=\"summary_large_image\" \/>\n<meta name=\"twitter:label1\" content=\"Est. reading time\" \/>\n\t<meta name=\"twitter:data1\" content=\"4 minutes\" \/>\n<script type=\"application\/ld+json\" class=\"yoast-schema-graph\">{\"@context\":\"https:\/\/schema.org\",\"@graph\":[{\"@type\":\"WebPage\",\"@id\":\"https:\/\/lingualabclub.com\/index.php\/privacy-policy-2\/\",\"url\":\"https:\/\/lingualabclub.com\/index.php\/privacy-policy-2\/\",\"name\":\"Pol\u00edtica de Cookies - LINGUALAB CLUB - LINGUALAB CLUB Pol\u00edtica de Cookies\",\"isPartOf\":{\"@id\":\"https:\/\/lingualabclub.com\/#website\"},\"primaryImageOfPage\":{\"@id\":\"https:\/\/lingualabclub.com\/index.php\/privacy-policy-2\/#primaryimage\"},\"image\":{\"@id\":\"https:\/\/lingualabclub.com\/index.php\/privacy-policy-2\/#primaryimage\"},\"thumbnailUrl\":\"\",\"datePublished\":\"2018-07-31T10:17:00+00:00\",\"dateModified\":\"2021-05-12T10:16:57+00:00\",\"description\":\"Los navegadores web son las herramientas encargadas de almacenar las\u00a0cookies\u00a0y desde este lugar debe efectuar su eliminaci\u00f3n o desactivaci\u00f3n.\",\"breadcrumb\":{\"@id\":\"https:\/\/lingualabclub.com\/index.php\/privacy-policy-2\/#breadcrumb\"},\"inLanguage\":\"en-US\",\"potentialAction\":[{\"@type\":\"ReadAction\",\"target\":[\"https:\/\/lingualabclub.com\/index.php\/privacy-policy-2\/\"]}]},{\"@type\":\"ImageObject\",\"inLanguage\":\"en-US\",\"@id\":\"https:\/\/lingualabclub.com\/index.php\/privacy-policy-2\/#primaryimage\",\"url\":\"\",\"contentUrl\":\"\"},{\"@type\":\"BreadcrumbList\",\"@id\":\"https:\/\/lingualabclub.com\/index.php\/privacy-policy-2\/#breadcrumb\",\"itemListElement\":[{\"@type\":\"ListItem\",\"position\":1,\"name\":\"Home\",\"item\":\"https:\/\/lingualabclub.com\/\"},{\"@type\":\"ListItem\",\"position\":2,\"name\":\"Pol\u00edtica de Cookies\"}]},{\"@type\":\"WebSite\",\"@id\":\"https:\/\/lingualabclub.com\/#website\",\"url\":\"https:\/\/lingualabclub.com\/\",\"name\":\"LINGUALAB CLUB\",\"description\":\"\",\"potentialAction\":[{\"@type\":\"SearchAction\",\"target\":{\"@type\":\"EntryPoint\",\"urlTemplate\":\"https:\/\/lingualabclub.com\/?s={search_term_string}\"},\"query-input\":\"required name=search_term_string\"}],\"inLanguage\":\"en-US\"}]}<\/script>\n<!-- \/ Yoast SEO plugin. -->","yoast_head_json":{"title":"Pol\u00edtica de Cookies - LINGUALAB CLUB - LINGUALAB CLUB Pol\u00edtica de Cookies","description":"Los navegadores web son las herramientas encargadas de almacenar las\u00a0cookies\u00a0y desde este lugar debe efectuar su eliminaci\u00f3n o desactivaci\u00f3n.","robots":{"index":"index","follow":"follow","max-snippet":"max-snippet:-1","max-image-preview":"max-image-preview:large","max-video-preview":"max-video-preview:-1"},"canonical":"https:\/\/lingualabclub.com\/index.php\/privacy-policy-2\/","og_locale":"en_US","og_type":"article","og_title":"Pol\u00edtica de Cookies - LINGUALAB CLUB - LINGUALAB CLUB Pol\u00edtica de Cookies","og_description":"Los navegadores web son las herramientas encargadas de almacenar las\u00a0cookies\u00a0y desde este lugar debe efectuar su eliminaci\u00f3n o desactivaci\u00f3n.","og_url":"https:\/\/lingualabclub.com\/index.php\/privacy-policy-2\/","og_site_name":"LINGUALAB CLUB","article_modified_time":"2021-05-12T10:16:57+00:00","twitter_card":"summary_large_image","twitter_misc":{"Est. reading time":"4 minutes"},"schema":{"@context":"https:\/\/schema.org","@graph":[{"@type":"WebPage","@id":"https:\/\/lingualabclub.com\/index.php\/privacy-policy-2\/","url":"https:\/\/lingualabclub.com\/index.php\/privacy-policy-2\/","name":"Pol\u00edtica de Cookies - LINGUALAB CLUB - LINGUALAB CLUB Pol\u00edtica de Cookies","isPartOf":{"@id":"https:\/\/lingualabclub.com\/#website"},"primaryImageOfPage":{"@id":"https:\/\/lingualabclub.com\/index.php\/privacy-policy-2\/#primaryimage"},"image":{"@id":"https:\/\/lingualabclub.com\/index.php\/privacy-policy-2\/#primaryimage"},"thumbnailUrl":"","datePublished":"2018-07-31T10:17:00+00:00","dateModified":"2021-05-12T10:16:57+00:00","description":"Los navegadores web son las herramientas encargadas de almacenar las\u00a0cookies\u00a0y desde este lugar debe efectuar su eliminaci\u00f3n o desactivaci\u00f3n.","breadcrumb":{"@id":"https:\/\/lingualabclub.com\/index.php\/privacy-policy-2\/#breadcrumb"},"inLanguage":"en-US","potentialAction":[{"@type":"ReadAction","target":["https:\/\/lingualabclub.com\/index.php\/privacy-policy-2\/"]}]},{"@type":"ImageObject","inLanguage":"en-US","@id":"https:\/\/lingualabclub.com\/index.php\/privacy-policy-2\/#primaryimage","url":"","contentUrl":""},{"@type":"BreadcrumbList","@id":"https:\/\/lingualabclub.com\/index.php\/privacy-policy-2\/#breadcrumb","itemListElement":[{"@type":"ListItem","position":1,"name":"Home","item":"https:\/\/lingualabclub.com\/"},{"@type":"ListItem","position":2,"name":"Pol\u00edtica de Cookies"}]},{"@type":"WebSite","@id":"https:\/\/lingualabclub.com\/#website","url":"https:\/\/lingualabclub.com\/","name":"LINGUALAB CLUB","description":"","potentialAction":[{"@type":"SearchAction","target":{"@type":"EntryPoint","urlTemplate":"https:\/\/lingualabclub.com\/?s={search_term_string}"},"query-input":"required name=search_term_string"}],"inLanguage":"en-US"}]}},"_links":{"self":[{"href":"https:\/\/lingualabclub.com\/index.php\/wp-json\/wp\/v2\/pages\/845"}],"collection":[{"href":"https:\/\/lingualabclub.com\/index.php\/wp-json\/wp\/v2\/pages"}],"about":[{"href":"https:\/\/lingualabclub.com\/index.php\/wp-json\/wp\/v2\/types\/page"}],"author":[{"embeddable":true,"href":"https:\/\/lingualabclub.com\/index.php\/wp-json\/wp\/v2\/users\/1"}],"replies":[{"embeddable":true,"href":"https:\/\/lingualabclub.com\/index.php\/wp-json\/wp\/v2\/comments?post=845"}],"version-history":[{"count":21,"href":"https:\/\/lingualabclub.com\/index.php\/wp-json\/wp\/v2\/pages\/845\/revisions"}],"predecessor-version":[{"id":101152,"href":"https:\/\/lingualabclub.com\/index.php\/wp-json\/wp\/v2\/pages\/845\/revisions\/101152"}],"wp:featuredmedia":[{"embeddable":true,"href":"https:\/\/lingualabclub.com\/index.php\/wp-json\/"}],"wp:attachment":[{"href":"https:\/\/lingualabclub.com\/index.php\/wp-json\/wp\/v2\/media?parent=845"}],"curies":[{"name":"wp","href":"https:\/\/api.w.org\/{rel}","templated":true}]}}